{"id":71567,"date":"2025-09-16T10:06:59","date_gmt":"2025-09-16T14:06:59","guid":{"rendered":"https:\/\/misstutor.ca\/contactez-nous\/"},"modified":"2025-09-19T08:54:35","modified_gmt":"2025-09-19T12:54:35","slug":"contactez-nous","status":"publish","type":"page","link":"https:\/\/misstutor.ca\/fr\/contactez-nous\/","title":{"rendered":"Contactez-nous"},"content":{"rendered":"<p>[et_pb_section fb_built=\u00a0\u00bb1&Prime; _builder_version=\u00a0\u00bb4.27.4&Prime; background_color=\u00a0\u00bb#09b5cd\u00a0\u00bb custom_padding=\u00a0\u00bb0px||0px|||\u00a0\u00bb global_colors_info=\u00a0\u00bb{}\u00a0\u00bb][et_pb_row use_custom_gutter=\u00a0\u00bbon\u00a0\u00bb gutter_width=\u00a0\u00bb2&Prime; make_equal=\u00a0\u00bbon\u00a0\u00bb _builder_version=\u00a0\u00bb4.27.4&Prime; width=\u00a0\u00bb90%\u00a0\u00bb width_tablet=\u00a0\u00bb90%\u00a0\u00bb width_phone=\u00a0\u00bb90%\u00a0\u00bb width_last_edited=\u00a0\u00bbon|phone\u00a0\u00bb max_width_tablet=\u00a0\u00bb90%\u00a0\u00bb max_width_phone=\u00a0\u00bb90%\u00a0\u00bb max_width_last_edited=\u00a0\u00bboff|desktop\u00a0\u00bb custom_padding=\u00a0\u00bb2%||2%||true|false\u00a0\u00bb global_colors_info=\u00a0\u00bb{}\u00a0\u00bb][et_pb_column type=\u00a0\u00bb4_4&Prime; _builder_version=\u00a0\u00bb4.16&Prime; global_colors_info=\u00a0\u00bb{}\u00a0\u00bb][et_pb_divider color=\u00a0\u00bb#ffffff\u00a0\u00bb divider_weight=\u00a0\u00bb60px\u00a0\u00bb _builder_version=\u00a0\u00bb4.16&Prime; max_width=\u00a0\u00bb3px\u00a0\u00bb module_alignment=\u00a0\u00bbcenter\u00a0\u00bb custom_padding=\u00a0\u00bb20px||||false|false\u00a0\u00bb animation_direction=\u00a0\u00bbtop\u00a0\u00bb global_colors_info=\u00a0\u00bb{}\u00a0\u00bb][\/et_pb_divider][et_pb_text _builder_version=\u00a0\u00bb4.27.4&Prime; text_font=\u00a0\u00bbPoppins|300||on|||||\u00a0\u00bb text_text_color=\u00a0\u00bb#ffffff\u00a0\u00bb text_font_size=\u00a0\u00bb15px\u00a0\u00bb text_letter_spacing=\u00a0\u00bb3px\u00a0\u00bb text_line_height=\u00a0\u00bb1em\u00a0\u00bb text_orientation=\u00a0\u00bbcenter\u00a0\u00bb custom_margin=\u00a0\u00bb67px||||false|false\u00a0\u00bb animation_direction=\u00a0\u00bbtop\u00a0\u00bb global_colors_info=\u00a0\u00bb{}\u00a0\u00bb]<\/p>\n<p>Contactez-nous<\/p>\n<p>[\/et_pb_text][et_pb_text _builder_version=\u00a0\u00bb4.27.4&Prime; header_font=\u00a0\u00bbSora|700|||||||\u00a0\u00bb header_text_align=\u00a0\u00bbcenter\u00a0\u00bb header_text_color=\u00a0\u00bb#ffffff\u00a0\u00bb header_font_size=\u00a0\u00bb50px\u00a0\u00bb max_width=\u00a0\u00bb800px\u00a0\u00bb module_alignment=\u00a0\u00bbcenter\u00a0\u00bb custom_margin=\u00a0\u00bb30px||||false|false\u00a0\u00bb header_font_size_tablet=\u00a0\u00bb50px\u00a0\u00bb header_font_size_phone=\u00a0\u00bb30px\u00a0\u00bb header_font_size_last_edited=\u00a0\u00bbon|phone\u00a0\u00bb header_line_height_tablet=\u00a0\u00bb1.2em\u00a0\u00bb header_line_height_phone=\u00a0\u00bb1.4em\u00a0\u00bb header_line_height_last_edited=\u00a0\u00bbon|phone\u00a0\u00bb global_colors_info=\u00a0\u00bb{}\u00a0\u00bb]<\/p>\n<h1>Un apprentissage qui relie. Un accompagnement qui inspire.<\/h1>\n<p>[\/et_pb_text][\/et_pb_column][\/et_pb_row][\/et_pb_section][et_pb_section fb_built=\u00a0\u00bb1&Prime; _builder_version=\u00a0\u00bb4.27.4&Prime; custom_padding=\u00a0\u00bb50px||50px||true|false\u00a0\u00bb global_colors_info=\u00a0\u00bb{}\u00a0\u00bb][et_pb_row column_structure=\u00a0\u00bb1_3,2_3&Prime; use_custom_gutter=\u00a0\u00bbon\u00a0\u00bb gutter_width=\u00a0\u00bb2&Prime; make_equal=\u00a0\u00bbon\u00a0\u00bb _builder_version=\u00a0\u00bb4.27.4&Prime; width=\u00a0\u00bb90%\u00a0\u00bb width_tablet=\u00a0\u00bb90%\u00a0\u00bb width_phone=\u00a0\u00bb90%\u00a0\u00bb width_last_edited=\u00a0\u00bbon|phone\u00a0\u00bb max_width=\u00a0\u00bb1200px\u00a0\u00bb max_width_tablet=\u00a0\u00bb90%\u00a0\u00bb max_width_phone=\u00a0\u00bb90%\u00a0\u00bb max_width_last_edited=\u00a0\u00bboff|desktop\u00a0\u00bb custom_padding=\u00a0\u00bb0px||0px||false|false\u00a0\u00bb global_colors_info=\u00a0\u00bb{}\u00a0\u00bb][et_pb_column type=\u00a0\u00bb1_3&Prime; _builder_version=\u00a0\u00bb4.16&Prime; global_colors_info=\u00a0\u00bb{}\u00a0\u00bb][et_pb_text _builder_version=\u00a0\u00bb4.27.4&Prime; text_font=\u00a0\u00bb||||||||\u00a0\u00bb text_text_color=\u00a0\u00bb#222222&Prime; text_font_size=\u00a0\u00bb18px\u00a0\u00bb text_line_height=\u00a0\u00bb1.8em\u00a0\u00bb custom_margin_tablet=\u00a0\u00bb-10px||||false|false\u00a0\u00bb custom_margin_phone=\u00a0\u00bb-10px||||false|false\u00a0\u00bb custom_margin_last_edited=\u00a0\u00bbon|phone\u00a0\u00bb custom_padding=\u00a0\u00bb5px||||false|false\u00a0\u00bb global_colors_info=\u00a0\u00bb{}\u00a0\u00bb]<\/p>\n<p>Chez Miss Tutor, la connexion est essentielle. Que vous soyez curieux \u00e0 propos de nos services, pr\u00eat \u00e0 r\u00e9server une premi\u00e8re s\u00e9ance ou simplement en train d\u2019explorer comment nous pouvons soutenir l\u2019apprentissage de votre enfant, nous sommes l\u00e0 pour vous \u00e9couter et vous guider. Envoyez-nous un message \u2014 nous vous r\u00e9pondrons avec l\u2019attention et la clart\u00e9 que vous m\u00e9ritez.  <\/p>\n<p>[\/et_pb_text][\/et_pb_column][et_pb_column type=\u00a0\u00bb2_3&Prime; _builder_version=\u00a0\u00bb4.16&Prime; global_colors_info=\u00a0\u00bb{}\u00a0\u00bb][ds_gravity_forms_for_divi form_id=\u00a0\u00bbf3&Prime; title_type=\u00a0\u00bbnone\u00a0\u00bb _builder_version=\u00a0\u00bb4.27.4&Prime; _module_preset=\u00a0\u00bbdefault\u00a0\u00bb confirmation_font_size=\u00a0\u00bb16px\u00a0\u00bb custom_submit_button=\u00a0\u00bbon\u00a0\u00bb submit_button_text_size=\u00a0\u00bb20px\u00a0\u00bb submit_button_text_color=\u00a0\u00bb#FFFFFF\u00a0\u00bb submit_button_bg_color=\u00a0\u00bb#000000&Prime; submit_button_border_width=\u00a0\u00bb2px\u00a0\u00bb submit_button_border_color=\u00a0\u00bb#000000&Prime; submit_button_border_radius=\u00a0\u00bb30px\u00a0\u00bb hover_enabled=\u00a0\u00bb0&Prime; global_colors_info=\u00a0\u00bb{}\u00a0\u00bb submit_button_bg_color__hover_enabled=\u00a0\u00bbon|hover\u00a0\u00bb submit_button_bg_color__hover=\u00a0\u00bb#FFFFFF\u00a0\u00bb submit_button_bg_enable_color__hover=\u00a0\u00bbon\u00a0\u00bb submit_button_text_color__hover_enabled=\u00a0\u00bbon|hover\u00a0\u00bb submit_button_text_color__hover=\u00a0\u00bb#000000&Prime; sticky_enabled=\u00a0\u00bb0&Prime;][\/ds_gravity_forms_for_divi][\/et_pb_column][\/et_pb_row][\/et_pb_section][et_pb_section fb_built=\u00a0\u00bb1&Prime; module_id=\u00a0\u00bbfaq\u00a0\u00bb _builder_version=\u00a0\u00bb4.27.4&Prime; background_color=\u00a0\u00bbrgba(9,181,205,0.82)\u00a0\u00bb custom_padding=\u00a0\u00bb100px||100px||true|false\u00a0\u00bb global_colors_info=\u00a0\u00bb{}\u00a0\u00bb][et_pb_row use_custom_gutter=\u00a0\u00bbon\u00a0\u00bb gutter_width=\u00a0\u00bb1&Prime; make_equal=\u00a0\u00bbon\u00a0\u00bb _builder_version=\u00a0\u00bb4.27.4&Prime; width=\u00a0\u00bb90%\u00a0\u00bb width_tablet=\u00a0\u00bb90%\u00a0\u00bb width_phone=\u00a0\u00bb90%\u00a0\u00bb width_last_edited=\u00a0\u00bbon|tablet\u00a0\u00bb max_width=\u00a0\u00bb900px\u00a0\u00bb max_width_tablet=\u00a0\u00bb90%\u00a0\u00bb max_width_phone=\u00a0\u00bb90%\u00a0\u00bb max_width_last_edited=\u00a0\u00bboff|desktop\u00a0\u00bb module_alignment=\u00a0\u00bbcenter\u00a0\u00bb custom_margin=\u00a0\u00bb||||false|false\u00a0\u00bb custom_padding=\u00a0\u00bb0px||0px||true|false\u00a0\u00bb global_colors_info=\u00a0\u00bb{}\u00a0\u00bb][et_pb_column type=\u00a0\u00bb4_4&Prime; _builder_version=\u00a0\u00bb4.16&Prime; custom_padding=\u00a0\u00bb30px||30px||true|false\u00a0\u00bb global_colors_info=\u00a0\u00bb{}\u00a0\u00bb][et_pb_accordion open_toggle_text_color=\u00a0\u00bb#383838&Prime; open_toggle_background_color=\u00a0\u00bb#FFFFFF\u00a0\u00bb icon_color=\u00a0\u00bb#000000&Prime; use_icon_font_size=\u00a0\u00bbon\u00a0\u00bb icon_font_size=\u00a0\u00bb20px\u00a0\u00bb _builder_version=\u00a0\u00bb4.27.4&Prime; toggle_text_color=\u00a0\u00bb#383838&Prime; toggle_font=\u00a0\u00bb|600|||||||\u00a0\u00bb toggle_font_size=\u00a0\u00bb20px\u00a0\u00bb body_font=\u00a0\u00bb|300|||||||\u00a0\u00bb body_text_color=\u00a0\u00bb#383838&Prime; body_font_size=\u00a0\u00bb16px\u00a0\u00bb body_line_height=\u00a0\u00bb1.8em\u00a0\u00bb background_color=\u00a0\u00bb#FFFFFF\u00a0\u00bb custom_margin=\u00a0\u00bb||||false|false\u00a0\u00bb custom_margin_tablet=\u00a0\u00bb|||0px|false|false\u00a0\u00bb custom_margin_phone=\u00a0\u00bb|||0px|false|false\u00a0\u00bb custom_margin_last_edited=\u00a0\u00bbon|desktop\u00a0\u00bb custom_padding=\u00a0\u00bb||||true|false\u00a0\u00bb border_width_all=\u00a0\u00bb0px\u00a0\u00bb global_colors_info=\u00a0\u00bb{}\u00a0\u00bb][et_pb_accordion_item title=\u00a0\u00bbComment commencer avec Miss Tutor? \u00a0\u00bb open=\u00a0\u00bbon\u00a0\u00bb open_toggle_background_color=\u00a0\u00bb#FFFFFF\u00a0\u00bb closed_toggle_background_color=\u00a0\u00bbRGBA(255,255,255,0)\u00a0\u00bb _builder_version=\u00a0\u00bb4.27.4&Prime; background_enable_color=\u00a0\u00bboff\u00a0\u00bb border_width_bottom=\u00a0\u00bb1px\u00a0\u00bb border_color_bottom=\u00a0\u00bb#dedfe0&Prime; global_colors_info=\u00a0\u00bb{}\u00a0\u00bb background__hover_enabled=\u00a0\u00bbon|desktop\u00a0\u00bb]Commencer avec Miss Tutor est simple et collaboratif. Une fois que vous nous contactez via notre formulaire en ligne ou par courriel \u00e0 zara@misstutor.ca, nous prenons le temps de bien comprendre les besoins et objectifs uniques de votre enfant. Ensuite, nous vous pr\u00e9sentons des profils de tuteurs qui correspondent \u00e0 la fois aux mati\u00e8res requises et \u00e0 la personnalit\u00e9 de votre enfant, car nous savons que la relation compte. Une fois le tuteur confirm\u00e9, nous vous guidons \u00e0 travers une inscription rapide afin que les s\u00e9ances puissent commencer facilement.[\/et_pb_accordion_item][et_pb_accordion_item title=\u00a0\u00bbO\u00f9 se d\u00e9roulent les s\u00e9ances?\u00a0\u00bb _builder_version=\u00a0\u00bb4.27.4&Prime; background_color=\u00a0\u00bbrgba(0,0,0,0)\u00a0\u00bb background_enable_color=\u00a0\u00bbon\u00a0\u00bb border_width_bottom=\u00a0\u00bb1px\u00a0\u00bb border_color_bottom=\u00a0\u00bb#dedfe0&Prime; global_colors_info=\u00a0\u00bb{}\u00a0\u00bb open=\u00a0\u00bboff\u00a0\u00bb]Les s\u00e9ances peuvent se d\u00e9rouler en ligne, \u00e0 domicile ou dans notre centre de Rosem\u00e8re, selon ce qui convient le mieux \u00e0 votre famille. La plupart de nos services sont offerts en soutien individuel (1 \u00e0 1), permettant \u00e0 chaque \u00e9l\u00e8ve de b\u00e9n\u00e9ficier d\u2019un accompagnement personnalis\u00e9. Pour les \u00e9l\u00e8ves qui aiment collaborer, nous offrons \u00e9galement des petits groupes de 3 \u00e0 5 \u00e9l\u00e8ves, disponibles dans tous les formats.[\/et_pb_accordion_item][et_pb_accordion_item title=\u00a0\u00bbQuelle est la dur\u00e9e d\u2019une s\u00e9ance?\u00a0\u00bb _builder_version=\u00a0\u00bb4.27.4&Prime; background_color=\u00a0\u00bbrgba(0,0,0,0)\u00a0\u00bb background_enable_color=\u00a0\u00bbon\u00a0\u00bb border_width_bottom=\u00a0\u00bb1px\u00a0\u00bb border_color_bottom=\u00a0\u00bb#dedfe0&Prime; global_colors_info=\u00a0\u00bb{}\u00a0\u00bb open=\u00a0\u00bboff\u00a0\u00bb]Nos s\u00e9ances durent g\u00e9n\u00e9ralement 60 minutes, ce qui offre un \u00e9quilibre id\u00e9al entre concentration et progression. Toutefois, nous restons flexibles : selon le niveau scolaire, les besoins et les objectifs, les s\u00e9ances peuvent aussi durer 90 minutes, 2 heures ou plus. Pour les s\u00e9ances en ligne, nous proposons \u00e9galement des formats plus courts, d\u00e8s 30 minutes, parfaits pour un suivi rapide, une r\u00e9vision l\u00e9g\u00e8re ou un maintien entre deux rencontres compl\u00e8tes.[\/et_pb_accordion_item][et_pb_accordion_item title=\u00a0\u00bbQuels sont les tarifs pour le tutorat?\u00a0\u00bb _builder_version=\u00a0\u00bb4.27.4&Prime; background_color=\u00a0\u00bbrgba(0,0,0,0)\u00a0\u00bb background_enable_color=\u00a0\u00bbon\u00a0\u00bb border_width_bottom=\u00a0\u00bb1px\u00a0\u00bb border_color_bottom=\u00a0\u00bb#dedfe0&Prime; global_colors_info=\u00a0\u00bb{}\u00a0\u00bb open=\u00a0\u00bboff\u00a0\u00bb]Nos tarifs varient selon le format choisi \u2014 que ce soit en ligne, \u00e0 domicile, en centre ou en petit groupe. Lors de votre consultation initiale, nous vous pr\u00e9senterons toutes les options afin que vous puissiez choisir le plan qui correspond le mieux aux besoins de votre enfant et \u00e0 la r\u00e9alit\u00e9 de votre famille.[\/et_pb_accordion_item][et_pb_accordion_item title=\u00a0\u00bbComment fonctionnent les paiements?\u00a0\u00bb _builder_version=\u00a0\u00bb4.27.4&Prime; background_color=\u00a0\u00bbrgba(0,0,0,0)\u00a0\u00bb background_enable_color=\u00a0\u00bbon\u00a0\u00bb border_width_bottom=\u00a0\u00bb1px\u00a0\u00bb border_color_bottom=\u00a0\u00bb#dedfe0&Prime; global_colors_info=\u00a0\u00bb{}\u00a0\u00bb open=\u00a0\u00bboff\u00a0\u00bb]Nous offrons des options de paiement flexibles adapt\u00e9es \u00e0 votre situation. Vous pouvez choisir de payer \u00e0 la s\u00e9ance ou d\u2019opter pour l\u2019un de nos forfaits pr\u00e9pay\u00e9s (ex. 4, 16 ou 20 s\u00e9ances), qui incluent des \u00e9conomies avantageuses. Tous les d\u00e9tails sont confirm\u00e9s \u00e0 l\u2019avance afin que vous vous sentiez en confiance et bien inform\u00e9s.[\/et_pb_accordion_item][et_pb_accordion_item title=\u00a0\u00bbLes services de tutorat sont-ils d\u00e9ductibles d\u2019imp\u00f4t?\u00a0\u00bb _builder_version=\u00a0\u00bb4.27.4&Prime; background_color=\u00a0\u00bbrgba(0,0,0,0)\u00a0\u00bb background_enable_color=\u00a0\u00bbon\u00a0\u00bb border_width_bottom=\u00a0\u00bb1px\u00a0\u00bb border_color_bottom=\u00a0\u00bb#dedfe0&Prime; global_colors_info=\u00a0\u00bb{}\u00a0\u00bb open=\u00a0\u00bboff\u00a0\u00bb]<\/p>\n<p>Beaucoup de nos services sont exon\u00e9r\u00e9s de taxes lorsqu\u2019ils couvrent des mati\u00e8res conformes au programme scolaire gouvernemental. Dans certains cas, les familles peuvent \u00e9galement \u00eatre admissibles \u00e0 un remboursement partiel par leur assureur.  Pour les enfants ayant un diagnostic de troubles d\u2019apprentissage, les frais de tutorat peuvent souvent \u00eatre r\u00e9clam\u00e9s comme d\u00e9penses m\u00e9dicales. Pour des informations \u00e0 jour, nous vous invitons \u00e0 consulter le site de <a href=\"https:\/\/www.cra-arc.gc.ca\"> <span>l&rsquo;Agence du revenu du Canada<\/span><\/a> ou \u00e0 communiquer directement avec votre assureur.<\/p>\n<p>[\/et_pb_accordion_item][et_pb_accordion_item title=\u00a0\u00bbAidez-vous les \u00e9l\u00e8ves avec TDAH ou diff\u00e9rences d\u2019apprentissage?\u00a0\u00bb _builder_version=\u00a0\u00bb4.27.4&Prime; background_color=\u00a0\u00bbrgba(0,0,0,0)\u00a0\u00bb background_enable_color=\u00a0\u00bbon\u00a0\u00bb border_width_bottom=\u00a0\u00bb1px\u00a0\u00bb border_color_bottom=\u00a0\u00bb#dedfe0&Prime; global_colors_info=\u00a0\u00bb{}\u00a0\u00bb open=\u00a0\u00bboff\u00a0\u00bb]Oui \u2014 nous adaptons notre approche pour r\u00e9pondre aux besoins des \u00e9l\u00e8ves ayant un TDAH ou d\u2019autres diff\u00e9rences d\u2019apprentissage. Nos tuteurs utilisent une structure claire, des suivis r\u00e9guliers et des strat\u00e9gies personnalis\u00e9es pour garder les \u00e9l\u00e8ves motiv\u00e9s, concentr\u00e9s et encourag\u00e9s.[\/et_pb_accordion_item][et_pb_accordion_item title=\u00a0\u00bbQuelles mati\u00e8res et quels niveaux couvrez-vous?\u00a0\u00bb _builder_version=\u00a0\u00bb4.27.4&Prime; background_color=\u00a0\u00bbrgba(0,0,0,0)\u00a0\u00bb background_enable_color=\u00a0\u00bbon\u00a0\u00bb border_width_bottom=\u00a0\u00bb1px\u00a0\u00bb border_color_bottom=\u00a0\u00bb#dedfe0&Prime; global_colors_info=\u00a0\u00bb{}\u00a0\u00bb open=\u00a0\u00bboff\u00a0\u00bb]Nous accompagnons les \u00e9l\u00e8ves de la maternelle jusqu\u2019au c\u00e9gep, dans des mati\u00e8res telles que l\u2019anglais, le fran\u00e7ais, les math\u00e9matiques, les sciences, l\u2019histoire, et plus encore. Nous demeurons flexibles et accommodants selon le niveau et l\u2019\u00e2ge, afin d\u2019adapter notre soutien aux besoins uniques de chaque apprenant.[\/et_pb_accordion_item][et_pb_accordion_item title=\u00a0\u00bbEt si le tuteur n\u2019est pas un bon fit?\u00a0\u00bb _builder_version=\u00a0\u00bb4.27.4&Prime; background_color=\u00a0\u00bbrgba(0,0,0,0)\u00a0\u00bb background_enable_color=\u00a0\u00bbon\u00a0\u00bb border_color_bottom=\u00a0\u00bb#dedfe0&Prime; global_colors_info=\u00a0\u00bb{}\u00a0\u00bb open=\u00a0\u00bboff\u00a0\u00bb]Trouver le bon jumelage est essentiel. Si vous sentez qu\u2019un tuteur ne correspond pas aux besoins de votre enfant, il suffit de nous le dire \u2014 nous vous proposerons rapidement un autre \u00e9ducateur de notre \u00e9quipe. Notre priorit\u00e9 est que votre enfant se sente confortable, soutenu et motiv\u00e9.[\/et_pb_accordion_item][\/et_pb_accordion][\/et_pb_column][\/et_pb_row][\/et_pb_section]<\/p>\n","protected":false},"excerpt":{"rendered":"<p>Contactez-nousUn apprentissage qui relie. Un accompagnement qui inspire.Chez Miss Tutor, la connexion est essentielle. Que vous soyez curieux \u00e0 propos de nos services, pr\u00eat \u00e0 r\u00e9server une premi\u00e8re s\u00e9ance ou simplement en train d\u2019explorer comment nous pouvons soutenir l\u2019apprentissage de votre enfant, nous sommes l\u00e0 pour vous \u00e9couter et vous guider. Envoyez-nous un message \u2014 [&hellip;]<\/p>\n","protected":false},"author":1,"featured_media":0,"parent":0,"menu_order":0,"comment_status":"closed","ping_status":"closed","template":"","meta":{"_et_pb_use_builder":"on","_et_pb_old_content":"","_et_gb_content_width":"","footnotes":""},"class_list":["post-71567","page","type-page","status-publish","hentry"],"_links":{"self":[{"href":"https:\/\/misstutor.ca\/fr\/wp-json\/wp\/v2\/pages\/71567","targetHints":{"allow":["GET"]}}],"collection":[{"href":"https:\/\/misstutor.ca\/fr\/wp-json\/wp\/v2\/pages"}],"about":[{"href":"https:\/\/misstutor.ca\/fr\/wp-json\/wp\/v2\/types\/page"}],"author":[{"embeddable":true,"href":"https:\/\/misstutor.ca\/fr\/wp-json\/wp\/v2\/users\/1"}],"replies":[{"embeddable":true,"href":"https:\/\/misstutor.ca\/fr\/wp-json\/wp\/v2\/comments?post=71567"}],"version-history":[{"count":5,"href":"https:\/\/misstutor.ca\/fr\/wp-json\/wp\/v2\/pages\/71567\/revisions"}],"predecessor-version":[{"id":71603,"href":"https:\/\/misstutor.ca\/fr\/wp-json\/wp\/v2\/pages\/71567\/revisions\/71603"}],"wp:attachment":[{"href":"https:\/\/misstutor.ca\/fr\/wp-json\/wp\/v2\/media?parent=71567"}],"curies":[{"name":"wp","href":"https:\/\/api.w.org\/{rel}","templated":true}]}}